{"id":24,"date":"2023-06-09T14:03:20","date_gmt":"2023-06-09T14:03:20","guid":{"rendered":"https:\/\/fairplay-film-kultur.de\/?page_id=24"},"modified":"2026-03-05T20:00:27","modified_gmt":"2026-03-05T19:00:27","slug":"angebot","status":"publish","type":"page","link":"https:\/\/fairplay-film-kultur.de\/en\/angebot\/","title":{"rendered":"Services"},"content":{"rendered":"","protected":false},"excerpt":{"rendered":"","protected":false},"author":4,"featured_media":0,"parent":0,"menu_order":4,"comment_status":"closed","ping_status":"closed","template":"","meta":{"_seopress_robots_primary_cat":"","_seopress_titles_title":"FAIR PLAY Angebote: Leadership & Team-Entwicklung in Film und Kultur","_seopress_titles_desc":"Entdecken Sie die ma\u00dfgeschneiderten Angebote von FAIR PLAY f\u00fcr F\u00fchrungskr\u00e4fte und Teams in der Film- und Kulturbranche. Wir bieten Workshops und Coaching f\u00fcr effektive Teamf\u00fchrung, kreative Zusammenarbeit und pers\u00f6nliche Entwicklung.","_seopress_robots_index":""},"class_list":["post-24","page","type-page","status-publish","hentry"],"grid":"{\r\n  \"colCount\": 12,\r\n  \"colGutter\": 30,\r\n  \"rowGutters\": [\r\n    30,\r\n    100\r\n  ],\r\n  \"frameMargin\": 5,\r\n  \"leftFrameMargin\": 30,\r\n  \"rightFrameMargin\": 30,\r\n  \"topFrameMargin\": 110,\r\n  \"mus\": {\r\n    \"colGutterMu\": \"px\",\r\n    \"rowGutterMu\": \"px\",\r\n    \"topFrameMu\": \"px\",\r\n    \"bottomFrameMu\": \"px\",\r\n    \"frameMu\": \"px\"\r\n  },\r\n  \"bottomFrameMargin\": 30,\r\n  \"rowAttrs\": [\r\n    {\r\n      \"bgimage\": {\r\n        \"attid\": 472,\r\n        \"url\": \"\/wp-content\/uploads\/2025\/01\/Sevices-web.jpg\",\r\n        \"sizes\": {\r\n          \"_1920\": {\r\n            \"w\": 1920,\r\n            \"h\": 810,\r\n            \"url\": \"\/wp-content\/uploads\/2025\/01\/Sevices-web-1920x810.jpg\"\r\n          },\r\n          \"_1280\": {\r\n            \"w\": 1280,\r\n            \"h\": 540,\r\n            \"url\": \"\/wp-content\/uploads\/2025\/01\/Sevices-web-1280x540.jpg\"\r\n          },\r\n          \"_1024\": {\r\n            \"w\": 1024,\r\n            \"h\": 432,\r\n            \"url\": \"\/wp-content\/uploads\/2025\/01\/Sevices-web-1024x432.jpg\"\r\n          },\r\n          \"_768\": {\r\n            \"w\": 768,\r\n            \"h\": 324,\r\n            \"url\": \"\/wp-content\/uploads\/2025\/01\/Sevices-web-768x324.jpg\"\r\n          },\r\n          \"_512\": {\r\n            \"w\": 512,\r\n            \"h\": 216,\r\n            \"url\": \"\/wp-content\/uploads\/2025\/01\/Sevices-web-512x216.jpg\"\r\n          },\r\n          \"_265\": {\r\n            \"w\": 265,\r\n            \"h\": 112,\r\n            \"url\": \"\/wp-content\/uploads\/2025\/01\/Sevices-web-265x112.jpg\"\r\n          },\r\n          \"cmplz_banner_image\": {\r\n            \"w\": 350,\r\n            \"h\": 100,\r\n            \"url\": \"\/wp-content\/uploads\/2025\/01\/Sevices-web-350x100.jpg\"\r\n          }\r\n        }\r\n      },\r\n      \"row100vh\": false,\r\n      \"rowcustomheight\": \"50vh\",\r\n      \"relid\": 13\r\n    },\r\n    {\r\n      \"relid\": 4\r\n    },\r\n    {\r\n      \"relid\": 1\r\n    }\r\n  ],\r\n  \"bgColor\": null,\r\n  \"bgImage\": null,\r\n  \"cont\": [\r\n    {\r\n      \"type\": \"text\",\r\n      \"cont\": \"<h1 class=\\\"_H1\\\" style=\\\"text-align: left;\\\"><span>Services<\/span><\/h1>\",\r\n      \"align\": \"top\",\r\n      \"row\": 1,\r\n      \"col\": 0,\r\n      \"colspan\": 6,\r\n      \"offsetx\": 0,\r\n      \"offsety\": 0,\r\n      \"spaceabove\": 0,\r\n      \"spacebelow\": 0,\r\n      \"yvel\": 1,\r\n      \"push\": 0,\r\n      \"relid\": 5,\r\n      \"absolute_position\": false,\r\n      \"spaceaboveMu\": \"px\",\r\n      \"frameOverflow\": \"\"\r\n    },\r\n    {\r\n      \"type\": \"text\",\r\n      \"cont\": \"<p>Film and cultural productions are masterpieces of collaboration - they require careful planning, clever use of resources and trustworthy team leadership in order to successfully master time and cost pressures.<\/p><p>We founded Fair Play to support film and cultural professionals with these challenges. We have developed the following support packages to help you in every phase of your production.<\/p>\",\r\n      \"align\": \"top\",\r\n      \"row\": 1,\r\n      \"col\": 6,\r\n      \"colspan\": 6,\r\n      \"offsetx\": 0,\r\n      \"offsety\": 10,\r\n      \"spaceabove\": 0,\r\n      \"spacebelow\": 0,\r\n      \"yvel\": 1,\r\n      \"push\": 0,\r\n      \"relid\": 6,\r\n      \"absolute_position\": false\r\n    },\r\n    {\r\n      \"type\": \"thumbnailgrid\",\r\n      \"cont\": \"\",\r\n      \"align\": \"top\",\r\n      \"row\": 2,\r\n      \"col\": 0,\r\n      \"colspan\": 12,\r\n      \"offsetx\": 0,\r\n      \"offsety\": 0,\r\n      \"spaceabove\": 0,\r\n      \"spacebelow\": 0,\r\n      \"yvel\": 1,\r\n      \"push\": 0,\r\n      \"relid\": 2,\r\n      \"config\": {\r\n        \"desktop\": {\r\n          \"colCount\": 2,\r\n          \"colGutter\": 60,\r\n          \"rowGutter\": 60,\r\n          \"colGutterMu\": \"px\",\r\n          \"rowGutterMu\": \"px\",\r\n          \"customAspectRatio\": false,\r\n          \"customAspectRatioW\": 16,\r\n          \"customAspectRatioH\": 9\r\n        },\r\n        \"tablet\": {\r\n          \"colCount\": 2,\r\n          \"colGutter\": 15,\r\n          \"rowGutter\": 15,\r\n          \"colGutterMu\": \"px\",\r\n          \"rowGutterMu\": \"px\",\r\n          \"customAspectRatio\": false,\r\n          \"customAspectRatioW\": 16,\r\n          \"customAspectRatioH\": 9\r\n        },\r\n        \"phone\": {\r\n          \"colCount\": 1,\r\n          \"colGutter\": 16,\r\n          \"rowGutter\": 16,\r\n          \"colGutterMu\": \"px\",\r\n          \"rowGutterMu\": \"px\",\r\n          \"customAspectRatio\": false,\r\n          \"customAspectRatioW\": 16,\r\n          \"customAspectRatioH\": 9\r\n        },\r\n        \"layoutType\": \"top-aligned\",\r\n        \"cat_id\": 1,\r\n        \"showfilter\": false,\r\n        \"showtagfilter\": false,\r\n        \"sortedFilters\": [\r\n          {\r\n            \"term_id\": 1,\r\n            \"name\": \"Angebot\",\r\n            \"visible\": true\r\n          }\r\n        ],\r\n        \"sortedTagFilters\": [],\r\n        \"tagFilterBehaviour\": \"or\",\r\n        \"limitThumbnails\": 0,\r\n        \"deselect_tags\": true,\r\n        \"randomorder\": false,\r\n        \"sortbyname\": false,\r\n        \"sortbydate\": false,\r\n        \"sortbymenuorder\": false,\r\n        \"sortbycustom\": true\r\n      },\r\n      \"absolute_position\": false,\r\n      \"classes\": \"services\"\r\n    }\r\n  ]\r\n}","phonegrid":"","_links":{"self":[{"href":"https:\/\/fairplay-film-kultur.de\/en\/wp-json\/wp\/v2\/pages\/24","targetHints":{"allow":["GET"]}}],"collection":[{"href":"https:\/\/fairplay-film-kultur.de\/en\/wp-json\/wp\/v2\/pages"}],"about":[{"href":"https:\/\/fairplay-film-kultur.de\/en\/wp-json\/wp\/v2\/types\/page"}],"author":[{"embeddable":true,"href":"https:\/\/fairplay-film-kultur.de\/en\/wp-json\/wp\/v2\/users\/4"}],"replies":[{"embeddable":true,"href":"https:\/\/fairplay-film-kultur.de\/en\/wp-json\/wp\/v2\/comments?post=24"}],"version-history":[{"count":0,"href":"https:\/\/fairplay-film-kultur.de\/en\/wp-json\/wp\/v2\/pages\/24\/revisions"}],"wp:attachment":[{"href":"https:\/\/fairplay-film-kultur.de\/en\/wp-json\/wp\/v2\/media?parent=24"}],"curies":[{"name":"wp","href":"https:\/\/api.w.org\/{rel}","templated":true}]}}