{"id":32,"date":"2023-06-09T14:11:55","date_gmt":"2023-06-09T14:11:55","guid":{"rendered":"https:\/\/fairplay-film-kultur.de\/?page_id=32"},"modified":"2025-01-28T17:40:15","modified_gmt":"2025-01-28T16:40:15","slug":"ueber-uns","status":"publish","type":"page","link":"https:\/\/fairplay-film-kultur.de\/en\/ueber-uns\/","title":{"rendered":"About us"},"content":{"rendered":"","protected":false},"excerpt":{"rendered":"","protected":false},"author":4,"featured_media":0,"parent":0,"menu_order":6,"comment_status":"closed","ping_status":"closed","template":"","meta":{"_seopress_robots_primary_cat":"","_seopress_titles_title":"\u00dcber uns: Wer ist FAIR PLAY?","_seopress_titles_desc":"FAIR PLAY: Ihre PartnerInnen f\u00fcr die Film- und Kulturbranche. Wir bieten Methoden und Tools f\u00fcr Teamwork, F\u00fchrung und pers\u00f6nliche Kulturentwicklung.","_seopress_robots_index":""},"class_list":["post-32","page","type-page","status-publish","hentry"],"grid":"{\r\n  \"colCount\": 12,\r\n  \"colGutter\": 30,\r\n  \"rowGutters\": [\r\n    60,\r\n    30,\r\n    90,\r\n    60,\r\n    90,\r\n    60\r\n  ],\r\n  \"frameMargin\": 5,\r\n  \"leftFrameMargin\": 30,\r\n  \"rightFrameMargin\": 30,\r\n  \"topFrameMargin\": 170,\r\n  \"mus\": {\r\n    \"colGutterMu\": \"px\",\r\n    \"rowGutterMu\": \"px\",\r\n    \"topFrameMu\": \"px\",\r\n    \"bottomFrameMu\": \"px\",\r\n    \"frameMu\": \"px\"\r\n  },\r\n  \"bottomFrameMargin\": 30,\r\n  \"rowAttrs\": [\r\n    {\r\n      \"relid\": 3\r\n    },\r\n    {\r\n      \"relid\": 11\r\n    },\r\n    {\r\n      \"relid\": 1\r\n    },\r\n    {\r\n      \"relid\": 7\r\n    },\r\n    {\r\n      \"relid\": 13\r\n    },\r\n    {\r\n      \"relid\": 10\r\n    },\r\n    {\r\n      \"relid\": 6\r\n    }\r\n  ],\r\n  \"bgColor\": null,\r\n  \"bgImage\": null,\r\n  \"cont\": [\r\n    {\r\n      \"type\": \"text\",\r\n      \"cont\": \"<h1 class=\\\"_H1\\\" style=\\\"text-align: center;\\\">About us<\/h1>\",\r\n      \"align\": \"top\",\r\n      \"row\": 0,\r\n      \"col\": 2,\r\n      \"colspan\": 8,\r\n      \"offsetx\": 0,\r\n      \"offsety\": 0,\r\n      \"spaceabove\": 0,\r\n      \"spacebelow\": 0,\r\n      \"yvel\": 1,\r\n      \"push\": 2,\r\n      \"relid\": 4,\r\n      \"absolute_position\": false,\r\n      \"frameOverflow\": \"\",\r\n      \"spaceaboveMu\": \"px\"\r\n    },\r\n    {\r\n      \"type\": \"img\",\r\n      \"cont\": \"\/wp-content\/uploads\/2025\/01\/fairplay-ueberuns-web.jpg\",\r\n      \"align\": \"top\",\r\n      \"row\": 1,\r\n      \"col\": 2,\r\n      \"colspan\": 8,\r\n      \"offsetx\": 0,\r\n      \"offsety\": 0,\r\n      \"spaceabove\": 0,\r\n      \"spacebelow\": 0,\r\n      \"yvel\": 1,\r\n      \"push\": 2,\r\n      \"relid\": 12,\r\n      \"attid\": 509,\r\n      \"sizes\": {\r\n        \"full\": \"\/wp-content\/uploads\/2025\/01\/fairplay-ueberuns-web.jpg\",\r\n        \"_1280\": \"\/wp-content\/uploads\/2025\/01\/fairplay-ueberuns-web-1280x720.jpg\",\r\n        \"_1024\": \"\/wp-content\/uploads\/2025\/01\/fairplay-ueberuns-web-1024x576.jpg\",\r\n        \"_768\": \"\/wp-content\/uploads\/2025\/01\/fairplay-ueberuns-web-768x432.jpg\",\r\n        \"_512\": \"\/wp-content\/uploads\/2025\/01\/fairplay-ueberuns-web-512x288.jpg\",\r\n        \"_265\": \"\/wp-content\/uploads\/2025\/01\/fairplay-ueberuns-web-265x149.jpg\"\r\n      },\r\n      \"w\": 1600,\r\n      \"h\": 900,\r\n      \"ar\": 0.5625,\r\n      \"alt\": \"\",\r\n      \"absolute_position\": false,\r\n      \"frameOverflow\": \"\"\r\n    },\r\n    {\r\n      \"type\": \"text\",\r\n      \"cont\": \"<p>Fair Play is and was an initiative of Christine von Fragstein, Christine Tr\u00f6strum and Thomas Biniasz. Our alliance is designed as a joint production, we work with trainers and coaches who are committed to shaping a healthy and sustainable working world of tomorrow together with us.<\/p><p>We share many things: deep trust in people and processes. Humour and curiosity. Determination, drive and the joy of implementing change.<\/p><p>Together, we have decades of practical and management experience in the film and cultural industries, in the development and realisation of major international projects and are connected to a wonderful network.<\/p><p>We bring a wealth of experience in personal and professional growth, in learning, failing and recognising mistakes, in testing methods and concepts, in developing, scaling, sharing and communicating ideas and visions.<\/p><p>We have in-depth training in systemic consulting, organisational development and facilitation and have many years of experience in leading and supporting organisations, teams and individuals in the film and cultural industries in almost all parts of the world.<\/p><p>And we will continue to do so in memory of you, dear Christine Tr\u00f6strum, who passed away far too early and unexpectedly on 9 October 2024. R.I.P. Dearest Christine! We carry you in our hearts and we will continue with your heart project \u2013 now more than ever!<\/p>\",\r\n      \"align\": \"top\",\r\n      \"row\": 2,\r\n      \"col\": 2,\r\n      \"colspan\": 8,\r\n      \"offsetx\": 0,\r\n      \"offsety\": 0,\r\n      \"spaceabove\": 0,\r\n      \"spacebelow\": 0,\r\n      \"yvel\": 1,\r\n      \"push\": 2,\r\n      \"relid\": 5,\r\n      \"absolute_position\": false,\r\n      \"frameOverflow\": \"\"\r\n    },\r\n    {\r\n      \"type\": \"elementgrid\",\r\n      \"cont\": \"\",\r\n      \"align\": \"top\",\r\n      \"row\": 3,\r\n      \"col\": 1,\r\n      \"colspan\": 10,\r\n      \"offsetx\": 0,\r\n      \"offsety\": 0,\r\n      \"spaceabove\": 0,\r\n      \"spacebelow\": 0,\r\n      \"yvel\": 1,\r\n      \"push\": 1,\r\n      \"relid\": 8,\r\n      \"config\": {\r\n        \"desktop\": {\r\n          \"colCount\": 2,\r\n          \"colGutter\": 30,\r\n          \"rowGutter\": 60,\r\n          \"colGutterMu\": \"px\",\r\n          \"rowGutterMu\": \"px\"\r\n        },\r\n        \"tablet\": {\r\n          \"colCount\": 2,\r\n          \"colGutter\": 15,\r\n          \"rowGutter\": 15,\r\n          \"colGutterMu\": \"px\",\r\n          \"rowGutterMu\": \"px\"\r\n        },\r\n        \"phone\": {\r\n          \"colCount\": 1,\r\n          \"colGutter\": 15,\r\n          \"rowGutter\": 15,\r\n          \"colGutterMu\": \"px\",\r\n          \"rowGutterMu\": \"px\"\r\n        },\r\n        \"layoutType\": \"top-aligned\",\r\n        \"elements\": [\r\n          {\r\n            \"type\": \"img\",\r\n            \"attid\": 239,\r\n            \"cont\": \"\/wp-content\/uploads\/2024\/10\/fairplay-christine.jpg\",\r\n            \"sizes\": {\r\n              \"full\": \"\/wp-content\/uploads\/2024\/10\/fairplay-christine.jpg\",\r\n              \"_1280\": \"\/wp-content\/uploads\/2024\/10\/fairplay-christine-1280x853.jpg\",\r\n              \"_1024\": \"\/wp-content\/uploads\/2024\/10\/fairplay-christine-1024x682.jpg\",\r\n              \"_768\": \"\/wp-content\/uploads\/2024\/10\/fairplay-christine-768x512.jpg\",\r\n              \"_512\": \"\/wp-content\/uploads\/2024\/10\/fairplay-christine-512x341.jpg\",\r\n              \"_265\": \"\/wp-content\/uploads\/2024\/10\/fairplay-christine-265x177.jpg\"\r\n            },\r\n            \"w\": 1400,\r\n            \"h\": 933,\r\n            \"ar\": 0.6664285714285715,\r\n            \"alt\": \"\"\r\n          },\r\n          {\r\n            \"cont\": \"<h3 class=\\\"_Default\\\"><strong>Christine von Fragstein<\/strong><\/h3><p class=\\\"_small\\\">Co-initiator of FAIR PLAY<br \/><a rel=\\\"noopener\\\" href=\\\"https:\/\/change-animal.com\/references-2\/?lang=en\\\" target=\\\"_blank\\\">Change Animal<\/a><\/p><p>Facilitator, companion for change processes and challenges. In times of change, she accompanies people with calm, foresight and a clear compass. She asks plenty of questions, explores possibilities and encourages you to explore your personal potential and that of your team.<a href=\\\"#expandrow\\\" data-expand=\\\"13\\\" data-animation=\\\"400\\\" data-animationtiming=\\\"cubic-bezier(0.17,0.84,0.44,1)\\\" data-collapseotherrows=\\\"false\\\" data-scrolltoexpandedrow=\\\"true\\\"><\/a><\/p>\",\r\n            \"type\": \"text\"\r\n          }\r\n        ],\r\n        \"addtostart\": false\r\n      },\r\n      \"absolute_position\": false\r\n    },\r\n    {\r\n      \"type\": \"elementgrid\",\r\n      \"cont\": \"\",\r\n      \"align\": \"top\",\r\n      \"row\": 4,\r\n      \"col\": 1,\r\n      \"colspan\": 10,\r\n      \"offsetx\": 0,\r\n      \"offsety\": 0,\r\n      \"spaceabove\": 0,\r\n      \"spacebelow\": 0,\r\n      \"yvel\": 1,\r\n      \"push\": 1,\r\n      \"relid\": 14,\r\n      \"config\": {\r\n        \"desktop\": {\r\n          \"colCount\": 2,\r\n          \"colGutter\": 30,\r\n          \"rowGutter\": 60,\r\n          \"colGutterMu\": \"px\",\r\n          \"rowGutterMu\": \"px\"\r\n        },\r\n        \"tablet\": {\r\n          \"colCount\": 2,\r\n          \"colGutter\": 15,\r\n          \"rowGutter\": 15,\r\n          \"colGutterMu\": \"px\",\r\n          \"rowGutterMu\": \"px\"\r\n        },\r\n        \"phone\": {\r\n          \"colCount\": 1,\r\n          \"colGutter\": 15,\r\n          \"rowGutter\": 15,\r\n          \"colGutterMu\": \"px\",\r\n          \"rowGutterMu\": \"px\"\r\n        },\r\n        \"layoutType\": \"top-aligned\",\r\n        \"elements\": [\r\n          {\r\n            \"type\": \"img\",\r\n            \"attid\": 422,\r\n            \"cont\": \"\/wp-content\/uploads\/2025\/01\/tb-800px.jpg\",\r\n            \"sizes\": {\r\n              \"full\": \"\/wp-content\/uploads\/2025\/01\/tb-800px.jpg\",\r\n              \"_768\": \"\/wp-content\/uploads\/2025\/01\/tb-800px-768x512.jpg\",\r\n              \"_512\": \"\/wp-content\/uploads\/2025\/01\/tb-800px-512x341.jpg\",\r\n              \"_265\": \"\/wp-content\/uploads\/2025\/01\/tb-800px-265x177.jpg\"\r\n            },\r\n            \"w\": 800,\r\n            \"h\": 533,\r\n            \"ar\": 0.66625,\r\n            \"alt\": \"\"\r\n          },\r\n          {\r\n            \"cont\": \"<p><strong>Thomas Biniasz<\/strong><\/p><p class=\\\"_small\\\">Co-initiator of FAIR PLAY<br \/><a rel=\\\"noopener\\\" href=\\\"https:\/\/biniaszundpartner.de\/wir\/thomas-biniasz\/\\\" target=\\\"_blank\\\">biniasz und partner<\/a><\/p><p>With a clear mind, pragmatism, heart and intuition, Thomas Biniasz develops suitable solutions together with people and teams. He is a qualified psychologist, teaching coach, mediator and systemic coach. His focus is on team and organisational development, leadership development and intercultural coaching.<\/p>\",\r\n            \"type\": \"text\"\r\n          }\r\n        ],\r\n        \"addtostart\": false\r\n      },\r\n      \"absolute_position\": false\r\n    },\r\n    {\r\n      \"type\": \"elementgrid\",\r\n      \"cont\": \"\",\r\n      \"align\": \"top\",\r\n      \"row\": 5,\r\n      \"col\": 1,\r\n      \"colspan\": 10,\r\n      \"offsetx\": 0,\r\n      \"offsety\": 0,\r\n      \"spaceabove\": 0,\r\n      \"spacebelow\": 0,\r\n      \"yvel\": 1,\r\n      \"push\": 1,\r\n      \"relid\": 2,\r\n      \"config\": {\r\n        \"desktop\": {\r\n          \"colCount\": 2,\r\n          \"colGutter\": 30,\r\n          \"rowGutter\": 60,\r\n          \"colGutterMu\": \"px\",\r\n          \"rowGutterMu\": \"px\"\r\n        },\r\n        \"tablet\": {\r\n          \"colCount\": 2,\r\n          \"colGutter\": 15,\r\n          \"rowGutter\": 15,\r\n          \"colGutterMu\": \"px\",\r\n          \"rowGutterMu\": \"px\"\r\n        },\r\n        \"phone\": {\r\n          \"colCount\": 1,\r\n          \"colGutter\": 15,\r\n          \"rowGutter\": 15,\r\n          \"colGutterMu\": \"px\",\r\n          \"rowGutterMu\": \"px\"\r\n        },\r\n        \"layoutType\": \"top-aligned\",\r\n        \"elements\": [\r\n          {\r\n            \"type\": \"img\",\r\n            \"attid\": 240,\r\n            \"cont\": \"\/wp-content\/uploads\/2024\/10\/fairplay-christine-rip.jpg\",\r\n            \"sizes\": {\r\n              \"full\": \"\/wp-content\/uploads\/2024\/10\/fairplay-christine-rip.jpg\",\r\n              \"_1280\": \"\/wp-content\/uploads\/2024\/10\/fairplay-christine-rip-1280x1280.jpg\",\r\n              \"_1024\": \"\/wp-content\/uploads\/2024\/10\/fairplay-christine-rip-1024x1024.jpg\",\r\n              \"_768\": \"\/wp-content\/uploads\/2024\/10\/fairplay-christine-rip-768x768.jpg\",\r\n              \"_512\": \"\/wp-content\/uploads\/2024\/10\/fairplay-christine-rip-512x512.jpg\",\r\n              \"_265\": \"\/wp-content\/uploads\/2024\/10\/fairplay-christine-rip-265x265.jpg\"\r\n            },\r\n            \"w\": 1400,\r\n            \"h\": 1400,\r\n            \"ar\": 1,\r\n            \"alt\": \"\"\r\n          },\r\n          {\r\n            \"cont\": \"<p><strong>Christine Tr\u00f6strum (R.I.P.)<\/strong><\/p><p>Christine Tr\u00f6strum, co-initiator of FAIR PLAY Leadership Film and Culture, passed away suddenly and unexpectedly on 9 October 2024. She was a passionate development facilitator and guide, a collector of experiences and insights, a community activist and matchmaker, and a cultural manager.<\/p>\",\r\n            \"type\": \"text\"\r\n          }\r\n        ],\r\n        \"addtostart\": false\r\n      },\r\n      \"absolute_position\": false,\r\n      \"frameOverflow\": \"\"\r\n    },\r\n    {\r\n      \"type\": \"text\",\r\n      \"cont\": \"<p style=\\\"text-align: center;\\\"><a class=\\\"laybutton1 laybutton\\\" href=\\\"https:\/\/fairplay-film-kultur.de\/netzwerk\/\\\" data-id=\\\"67\\\" data-title=\\\"Netzwerk\\\" data-type=\\\"page\\\">Our network<\/a><\/p>\",\r\n      \"align\": \"middle\",\r\n      \"row\": 6,\r\n      \"col\": 0,\r\n      \"colspan\": 12,\r\n      \"offsetx\": 0,\r\n      \"offsety\": 0,\r\n      \"spaceabove\": 0,\r\n      \"spacebelow\": 0,\r\n      \"yvel\": 1,\r\n      \"push\": 0,\r\n      \"relid\": 9,\r\n      \"absolute_position\": false,\r\n      \"frameOverflow\": \"\",\r\n      \"classes\": \"actionlist\"\r\n    }\r\n  ]\r\n}","phonegrid":"","_links":{"self":[{"href":"https:\/\/fairplay-film-kultur.de\/en\/wp-json\/wp\/v2\/pages\/32","targetHints":{"allow":["GET"]}}],"collection":[{"href":"https:\/\/fairplay-film-kultur.de\/en\/wp-json\/wp\/v2\/pages"}],"about":[{"href":"https:\/\/fairplay-film-kultur.de\/en\/wp-json\/wp\/v2\/types\/page"}],"author":[{"embeddable":true,"href":"https:\/\/fairplay-film-kultur.de\/en\/wp-json\/wp\/v2\/users\/4"}],"replies":[{"embeddable":true,"href":"https:\/\/fairplay-film-kultur.de\/en\/wp-json\/wp\/v2\/comments?post=32"}],"version-history":[{"count":0,"href":"https:\/\/fairplay-film-kultur.de\/en\/wp-json\/wp\/v2\/pages\/32\/revisions"}],"wp:attachment":[{"href":"https:\/\/fairplay-film-kultur.de\/en\/wp-json\/wp\/v2\/media?parent=32"}],"curies":[{"name":"wp","href":"https:\/\/api.w.org\/{rel}","templated":true}]}}